{"id":30,"date":"2024-12-11T14:38:54","date_gmt":"2024-12-11T13:38:54","guid":{"rendered":"https:\/\/www.djishop.cz\/blog1\/?page_id=30"},"modified":"2025-01-08T11:34:06","modified_gmt":"2025-01-08T10:34:06","slug":"hlavni-stranka","status":"publish","type":"page","link":"https:\/\/www.djishop.cz\/blog\/","title":{"rendered":"DJI blog"},"content":{"rendered":"<div class=\"blogs blogs__HP\"> <div class=\"blog__grid\"><div class=\"blog__item\"><div class=\"blog__img\"><a href=\"https:\/\/www.djishop.cz\/blog\/dji-osmo-action-6-akcni-kamera-ktera-meni-pravidla-hry.html\" title=\"DJI Osmo Action 6: Ak\u010dn\u00ed kamera, kter\u00e1 m\u011bn\u00ed pravidla hry\"><img loading=\"lazy\" decoding=\"async\" width=\"300\" height=\"169\" src=\"https:\/\/www.djishop.cz\/blog\/wp-content\/uploads\/2025\/11\/Nahledovy-obrazek-300x169.webp\" class=\"attachment-medium size-medium wp-post-image\" alt=\"\" srcset=\"https:\/\/www.djishop.cz\/blog\/wp-content\/uploads\/2025\/11\/Nahledovy-obrazek-300x169.webp 300w, https:\/\/www.djishop.cz\/blog\/wp-content\/uploads\/2025\/11\/Nahledovy-obrazek-1024x576.webp 1024w, https:\/\/www.djishop.cz\/blog\/wp-content\/uploads\/2025\/11\/Nahledovy-obrazek-768x432.webp 768w, https:\/\/www.djishop.cz\/blog\/wp-content\/uploads\/2025\/11\/Nahledovy-obrazek-1536x864.webp 1536w, https:\/\/www.djishop.cz\/blog\/wp-content\/uploads\/2025\/11\/Nahledovy-obrazek.webp 1920w\" sizes=\"auto, (max-width: 300px) 100vw, 300px\" \/><\/a><\/div><div class=\"blog__content\"><a href=\"https:\/\/www.djishop.cz\/blog\/dji-osmo-action-6-akcni-kamera-ktera-meni-pravidla-hry.html\" class=\"blog__link\" title=\"DJI Osmo Action 6: Ak\u010dn\u00ed kamera, kter\u00e1 m\u011bn\u00ed pravidla hry\"><\/a><h2 class=\"blog__title\">DJI Osmo Action 6: Ak\u010dn\u00ed kamera, kter\u00e1 m\u011bn\u00ed pravidla hry<\/h2><div class=\"blog__text\">DJI posouv\u00e1 sv\u00e9 ak\u010dn\u00ed kamery zase o po\u0159\u00e1dn\u00fd kus d\u00e1l. Nov\u00e1 Osmo Action 6 p\u0159ich\u00e1z\u00ed s funkcemi, kter\u00e9 jsme v t\u00e9to kategorii je\u0161t\u011b nevid\u011bli \u2014 variabiln\u00ed clonou, zcela nov\u00fdm \u010dtvercov\u00fdm...<\/div><div class=\"blog__text_md\">DJI posouv\u00e1 sv\u00e9 ak\u010dn\u00ed kamery zase o po\u0159\u00e1dn\u00fd kus d\u00e1l. Nov\u00e1 Osmo Action 6 p\u0159ich\u00e1z\u00ed s funkcemi, kter\u00e9...<\/div><\/div><\/div><\/div> <div class=\"blog__grid\"><div class=\"blog__item\"><div class=\"blog__img\"><a href=\"https:\/\/www.djishop.cz\/blog\/dji-neo-2-nejzabavnejsi-kompaktni-dron-nove-generace.html\" title=\"DJI Neo 2: Nejz\u00e1bavn\u011bj\u0161\u00ed kompaktn\u00ed dron nov\u00e9 generace\"><img loading=\"lazy\" decoding=\"async\" width=\"300\" height=\"169\" src=\"https:\/\/www.djishop.cz\/blog\/wp-content\/uploads\/2025\/09\/blog-0-300x169.webp\" class=\"attachment-medium size-medium wp-post-image\" alt=\"\" srcset=\"https:\/\/www.djishop.cz\/blog\/wp-content\/uploads\/2025\/09\/blog-0-300x169.webp 300w, https:\/\/www.djishop.cz\/blog\/wp-content\/uploads\/2025\/09\/blog-0-1024x576.webp 1024w, https:\/\/www.djishop.cz\/blog\/wp-content\/uploads\/2025\/09\/blog-0-768x432.webp 768w, https:\/\/www.djishop.cz\/blog\/wp-content\/uploads\/2025\/09\/blog-0-1536x864.webp 1536w, https:\/\/www.djishop.cz\/blog\/wp-content\/uploads\/2025\/09\/blog-0.webp 1920w\" sizes=\"auto, (max-width: 300px) 100vw, 300px\" \/><\/a><\/div><div class=\"blog__content\"><a href=\"https:\/\/www.djishop.cz\/blog\/dji-neo-2-nejzabavnejsi-kompaktni-dron-nove-generace.html\" class=\"blog__link\" title=\"DJI Neo 2: Nejz\u00e1bavn\u011bj\u0161\u00ed kompaktn\u00ed dron nov\u00e9 generace\"><\/a><h2 class=\"blog__title\">DJI Neo 2: Nejz\u00e1bavn\u011bj\u0161\u00ed kompaktn\u00ed dron nov\u00e9 generace<\/h2><div class=\"blog__text\">DJI Neo 2 je nejnov\u011bj\u0161\u00ed mini dron, kter\u00fd p\u0159ekvap\u00ed hlavn\u011b t\u00edm, jak moc toho dok\u00e1\u017ee, p\u0159esto\u017ee se vejde kamkoliv. DJI mu p\u0159idalo v\u0161esm\u011brov\u00e9 sn\u00edm\u00e1n\u00ed p\u0159ek\u00e1\u017eek, v\u00fdrazn\u011b lep\u0161\u00ed kameru, chyt\u0159ej\u0161\u00ed sledov\u00e1n\u00ed...<\/div><div class=\"blog__text_md\">DJI Neo 2 je nejnov\u011bj\u0161\u00ed mini dron, kter\u00fd p\u0159ekvap\u00ed hlavn\u011b t\u00edm, jak moc toho dok\u00e1\u017ee, p\u0159esto\u017ee se vejde...<\/div><\/div><\/div><\/div> <div class=\"blog__grid\"><div class=\"blog__item\"><div class=\"blog__img\"><a href=\"https:\/\/www.djishop.cz\/blog\/dji-romo-nova-era-domaci-automatizace-zacina.html\" title=\"DJI ROMO&nbsp;\u2013&nbsp;nov\u00e1 \u00e9ra dom\u00e1c\u00ed automatizace za\u010d\u00edn\u00e1\"><img loading=\"lazy\" decoding=\"async\" width=\"300\" height=\"264\" src=\"https:\/\/www.djishop.cz\/blog\/wp-content\/uploads\/2025\/10\/IMG-1_BLOG-300x264.png\" class=\"attachment-medium size-medium wp-post-image\" alt=\"\" srcset=\"https:\/\/www.djishop.cz\/blog\/wp-content\/uploads\/2025\/10\/IMG-1_BLOG-300x264.png 300w, https:\/\/www.djishop.cz\/blog\/wp-content\/uploads\/2025\/10\/IMG-1_BLOG-1024x902.png 1024w, https:\/\/www.djishop.cz\/blog\/wp-content\/uploads\/2025\/10\/IMG-1_BLOG-768x677.png 768w, https:\/\/www.djishop.cz\/blog\/wp-content\/uploads\/2025\/10\/IMG-1_BLOG.png 1135w\" sizes=\"auto, (max-width: 300px) 100vw, 300px\" \/><\/a><\/div><div class=\"blog__content\"><a href=\"https:\/\/www.djishop.cz\/blog\/dji-romo-nova-era-domaci-automatizace-zacina.html\" class=\"blog__link\" title=\"DJI ROMO&nbsp;\u2013&nbsp;nov\u00e1 \u00e9ra dom\u00e1c\u00ed automatizace za\u010d\u00edn\u00e1\"><\/a><h2 class=\"blog__title\">DJI ROMO&nbsp;\u2013&nbsp;nov\u00e1 \u00e9ra dom\u00e1c\u00ed automatizace za\u010d\u00edn\u00e1<\/h2><div class=\"blog__text\">DJI vstupuje do sv\u011bta chytr\u00e9 dom\u00e1cnosti a p\u0159in\u00e1\u0161\u00ed revoluci v \u00faklidu. Seznamte se s novou \u0159adou robotick\u00fdch vysava\u010d\u016f DJI ROMO, kter\u00e1 spojuje \u0161pi\u010dkov\u00e9 senzory, v\u00fdkon a elegantn\u00ed design v duchu...<\/div><div class=\"blog__text_md\">DJI vstupuje do sv\u011bta chytr\u00e9 dom\u00e1cnosti a p\u0159in\u00e1\u0161\u00ed revoluci v \u00faklidu. Seznamte se s novou \u0159adou robotick\u00fdch vysava\u010d\u016f...<\/div><\/div><\/div><\/div> <div class=\"blog__grid\"><div class=\"blog__item\"><div class=\"blog__img\"><a href=\"https:\/\/www.djishop.cz\/blog\/pro-koho-a-proc-je-vhodny-dji-mini-5-pro.html\" title=\"Pro koho a&nbsp;pro\u010d je vhodn\u00fd DJI Mini 5 Pro?\"><img loading=\"lazy\" decoding=\"async\" width=\"300\" height=\"169\" src=\"https:\/\/www.djishop.cz\/blog\/wp-content\/uploads\/2025\/09\/DJI-mini-5-pro-nahledovka-300x169.jpg\" class=\"attachment-medium size-medium wp-post-image\" alt=\"\" srcset=\"https:\/\/www.djishop.cz\/blog\/wp-content\/uploads\/2025\/09\/DJI-mini-5-pro-nahledovka-300x169.jpg 300w, https:\/\/www.djishop.cz\/blog\/wp-content\/uploads\/2025\/09\/DJI-mini-5-pro-nahledovka-1024x576.jpg 1024w, https:\/\/www.djishop.cz\/blog\/wp-content\/uploads\/2025\/09\/DJI-mini-5-pro-nahledovka-768x432.jpg 768w, https:\/\/www.djishop.cz\/blog\/wp-content\/uploads\/2025\/09\/DJI-mini-5-pro-nahledovka-1536x864.jpg 1536w, https:\/\/www.djishop.cz\/blog\/wp-content\/uploads\/2025\/09\/DJI-mini-5-pro-nahledovka.jpg 1920w\" sizes=\"auto, (max-width: 300px) 100vw, 300px\" \/><\/a><\/div><div class=\"blog__content\"><a href=\"https:\/\/www.djishop.cz\/blog\/pro-koho-a-proc-je-vhodny-dji-mini-5-pro.html\" class=\"blog__link\" title=\"Pro koho a&nbsp;pro\u010d je vhodn\u00fd DJI Mini 5 Pro?\"><\/a><h2 class=\"blog__title\">Pro koho a&nbsp;pro\u010d je vhodn\u00fd DJI Mini 5 Pro?<\/h2><div class=\"blog__text\">Minul\u00fd rok posunul \u0159adu Mini v\u00fdrazn\u011b dop\u0159edu model Mini 4 Pro. DJI Mini 5 Pro jde je\u0161t\u011b d\u00e1l: p\u0159id\u00e1v\u00e1 1palcov\u00fd CMOS sn\u00edma\u010d, v\u0161esm\u011brov\u00e9 sn\u00edm\u00e1n\u00ed p\u0159ek\u00e1\u017eek i v noci a flexibiln\u00ed...<\/div><div class=\"blog__text_md\">Minul\u00fd rok posunul \u0159adu Mini v\u00fdrazn\u011b dop\u0159edu model Mini 4 Pro. DJI Mini 5 Pro jde je\u0161t\u011b d\u00e1l:...<\/div><\/div><\/div><\/div> <div class=\"blog__grid\"><div class=\"blog__item\"><div class=\"blog__img\"><a href=\"https:\/\/www.djishop.cz\/blog\/nova-pravidla-pro-drony-od-zari-2025-co-se-meni.html\" title=\"Nov\u00e1 pravidla pro drony od z\u00e1\u0159\u00ed 2025: co se m\u011bn\u00ed\"><img loading=\"lazy\" decoding=\"async\" width=\"300\" height=\"169\" src=\"https:\/\/www.djishop.cz\/blog\/wp-content\/uploads\/2025\/08\/djiblog_nova-pravidla-pro-drony_img-1_01-300x169.webp\" class=\"attachment-medium size-medium wp-post-image\" alt=\"\" srcset=\"https:\/\/www.djishop.cz\/blog\/wp-content\/uploads\/2025\/08\/djiblog_nova-pravidla-pro-drony_img-1_01-300x169.webp 300w, https:\/\/www.djishop.cz\/blog\/wp-content\/uploads\/2025\/08\/djiblog_nova-pravidla-pro-drony_img-1_01-1024x576.webp 1024w, https:\/\/www.djishop.cz\/blog\/wp-content\/uploads\/2025\/08\/djiblog_nova-pravidla-pro-drony_img-1_01-768x432.webp 768w, https:\/\/www.djishop.cz\/blog\/wp-content\/uploads\/2025\/08\/djiblog_nova-pravidla-pro-drony_img-1_01-1536x864.webp 1536w, https:\/\/www.djishop.cz\/blog\/wp-content\/uploads\/2025\/08\/djiblog_nova-pravidla-pro-drony_img-1_01.webp 1920w\" sizes=\"auto, (max-width: 300px) 100vw, 300px\" \/><\/a><\/div><div class=\"blog__content\"><a href=\"https:\/\/www.djishop.cz\/blog\/nova-pravidla-pro-drony-od-zari-2025-co-se-meni.html\" class=\"blog__link\" title=\"Nov\u00e1 pravidla pro drony od z\u00e1\u0159\u00ed 2025: co se m\u011bn\u00ed\"><\/a><h2 class=\"blog__title\">Nov\u00e1 pravidla pro drony od z\u00e1\u0159\u00ed 2025: co se m\u011bn\u00ed<\/h2><div class=\"blog__text\">Od 1. z\u00e1\u0159\u00ed 2025 za\u010d\u00edn\u00e1 v \u010cR platit nov\u00fd soubor pravidel pro provoz dron\u016f (UAS) v tzv. zem\u011bpisn\u00fdch z\u00f3n\u00e1ch. C\u00edlem je zpr\u016fhlednit, kde a za jak\u00fdch podm\u00ednek sm\u00edte l\u00e9tat, a...<\/div><div class=\"blog__text_md\">Od 1. z\u00e1\u0159\u00ed 2025 za\u010d\u00edn\u00e1 v \u010cR platit nov\u00fd soubor pravidel pro provoz dron\u016f (UAS) v tzv. zem\u011bpisn\u00fdch...<\/div><\/div><\/div><\/div> <div class=\"blog__grid\"><div class=\"blog__item\"><div class=\"blog__img\"><a href=\"https:\/\/www.djishop.cz\/blog\/dji-mic-3-mikrofon-ktery-meni-pravidla-hry.html\" title=\"DJI Mic 3&nbsp;\u2013&nbsp;mikrofon, kter\u00fd m\u011bn\u00ed pravidla hry\"><img loading=\"lazy\" decoding=\"async\" width=\"300\" height=\"300\" src=\"https:\/\/www.djishop.cz\/blog\/wp-content\/uploads\/2025\/08\/DJI-Mic-3-2-TX-1-RX-Charging-Case-300x300.jpg\" class=\"attachment-medium size-medium wp-post-image\" alt=\"\" srcset=\"https:\/\/www.djishop.cz\/blog\/wp-content\/uploads\/2025\/08\/DJI-Mic-3-2-TX-1-RX-Charging-Case-300x300.jpg 300w, https:\/\/www.djishop.cz\/blog\/wp-content\/uploads\/2025\/08\/DJI-Mic-3-2-TX-1-RX-Charging-Case-150x150.jpg 150w, https:\/\/www.djishop.cz\/blog\/wp-content\/uploads\/2025\/08\/DJI-Mic-3-2-TX-1-RX-Charging-Case-768x768.jpg 768w, https:\/\/www.djishop.cz\/blog\/wp-content\/uploads\/2025\/08\/DJI-Mic-3-2-TX-1-RX-Charging-Case.jpg 1000w\" sizes=\"auto, (max-width: 300px) 100vw, 300px\" \/><\/a><\/div><div class=\"blog__content\"><a href=\"https:\/\/www.djishop.cz\/blog\/dji-mic-3-mikrofon-ktery-meni-pravidla-hry.html\" class=\"blog__link\" title=\"DJI Mic 3&nbsp;\u2013&nbsp;mikrofon, kter\u00fd m\u011bn\u00ed pravidla hry\"><\/a><h2 class=\"blog__title\">DJI Mic 3&nbsp;\u2013&nbsp;mikrofon, kter\u00fd m\u011bn\u00ed pravidla hry<\/h2><div class=\"blog__text\">DJI Mic 3 posouv\u00e1 bezdr\u00e1tov\u00e9 nahr\u00e1v\u00e1n\u00ed zvuku na zcela novou \u00farove\u0148. Ultralehk\u00fd vys\u00edla\u010d, inteligentn\u00ed p\u0159ij\u00edma\u010d s dotykov\u00fdm displejem a chytr\u00e9 funkce, jako je adaptivn\u00ed \u0159\u00edzen\u00ed zisku, potla\u010den\u00ed \u0161umu nebo intern\u00ed...<\/div><div class=\"blog__text_md\">DJI Mic 3 posouv\u00e1 bezdr\u00e1tov\u00e9 nahr\u00e1v\u00e1n\u00ed zvuku na zcela novou \u00farove\u0148. Ultralehk\u00fd vys\u00edla\u010d, inteligentn\u00ed p\u0159ij\u00edma\u010d s dotykov\u00fdm displejem...<\/div><\/div><\/div><\/div><\/div><div class=\"blogs__pagination\"><div class=\"pagination\"><div class=\"pagination__inner\"><span aria-current=\"page\" class=\"page-numbers current\">1<\/span>\n<a class=\"page-numbers\" href=\"https:\/\/www.djishop.cz\/blog\/wp-json\/wp\/v2\/pages\/30\/page\/2\">2<\/a>\n<a class=\"page-numbers\" href=\"https:\/\/www.djishop.cz\/blog\/wp-json\/wp\/v2\/pages\/30\/page\/3\">3<\/a>\n<span class=\"page-numbers dots\">&hellip;<\/span>\n<a class=\"page-numbers\" href=\"https:\/\/www.djishop.cz\/blog\/wp-json\/wp\/v2\/pages\/30\/page\/5\">5<\/a>\n<a class=\"next page-numbers\" href=\"https:\/\/www.djishop.cz\/blog\/wp-json\/wp\/v2\/pages\/30\/page\/2\"><\/a><\/div><\/div><\/div>\n\n\n\n<p><\/p>\n","protected":false},"excerpt":{"rendered":"<p> [&#8230;]<\/p>\n<p><a class=\"btn btn-secondary understrap-read-more-link\" href=\"https:\/\/www.djishop.cz\/blog\/dji-mic-3-mikrofon-ktery-meni-pravidla-hry.html\">\u010c\u00edst d\u00e1le&#8230;<span class=\"screen-reader-text\"> from DJI Mic 3&nbsp;&nbsp;\u2013&nbsp;&nbsp;mikrofon, kter\u00fd m\u011bn\u00ed pravidla hry<\/span><\/a><\/p>\n","protected":false},"author":1,"featured_media":0,"parent":0,"menu_order":0,"comment_status":"closed","ping_status":"closed","template":"page-templates\/no-title.php","meta":{"footnotes":""},"class_list":["post-30","page","type-page","status-publish","hentry"],"_links":{"self":[{"href":"https:\/\/www.djishop.cz\/blog\/wp-json\/wp\/v2\/pages\/30","targetHints":{"allow":["GET"]}}],"collection":[{"href":"https:\/\/www.djishop.cz\/blog\/wp-json\/wp\/v2\/pages"}],"about":[{"href":"https:\/\/www.djishop.cz\/blog\/wp-json\/wp\/v2\/types\/page"}],"author":[{"embeddable":true,"href":"https:\/\/www.djishop.cz\/blog\/wp-json\/wp\/v2\/users\/1"}],"replies":[{"embeddable":true,"href":"https:\/\/www.djishop.cz\/blog\/wp-json\/wp\/v2\/comments?post=30"}],"version-history":[{"count":1,"href":"https:\/\/www.djishop.cz\/blog\/wp-json\/wp\/v2\/pages\/30\/revisions"}],"predecessor-version":[{"id":62,"href":"https:\/\/www.djishop.cz\/blog\/wp-json\/wp\/v2\/pages\/30\/revisions\/62"}],"wp:attachment":[{"href":"https:\/\/www.djishop.cz\/blog\/wp-json\/wp\/v2\/media?parent=30"}],"curies":[{"name":"wp","href":"https:\/\/api.w.org\/{rel}","templated":true}]}}